{"id":38,"date":"2024-09-25T19:52:01","date_gmt":"2024-09-25T19:52:01","guid":{"rendered":"https:\/\/www.berapid.pt\/wp65\/?page_id=38"},"modified":"2024-09-25T19:57:35","modified_gmt":"2024-09-25T19:57:35","slug":"empresa","status":"publish","type":"page","link":"https:\/\/www.berapid.pt\/wp65\/","title":{"rendered":"Empresa"},"content":{"rendered":"\t\t<div data-elementor-type=\"wp-page\" data-elementor-id=\"38\" class=\"elementor elementor-38\">\n\t\t\t\t<div class=\"elementor-element elementor-element-4e5036e e-flex e-con-boxed e-con e-parent\" data-id=\"4e5036e\" data-element_type=\"container\">\n\t\t\t\t\t<div class=\"e-con-inner\">\n\t\t<div class=\"elementor-element elementor-element-2f452de e-con-full e-flex e-con e-child\" data-id=\"2f452de\" data-element_type=\"container\">\n\t\t\t\t<div class=\"elementor-element elementor-element-92285fb elementor-widget elementor-widget-text-editor\" data-id=\"92285fb\" data-element_type=\"widget\" data-widget_type=\"text-editor.default\">\n\t\t\t\t<div class=\"elementor-widget-container\">\n\t\t\t\t\t\t\t<p class=\"font_8 wixui-rich-text__text\"><span class=\"wixui-rich-text__text\"><span class=\"color_30 wixui-rich-text__text\">A <strong>Be Rapid<\/strong> existe no mercado nacional desde 2004.<br class=\"wixui-rich-text__text\" \/><br class=\"wixui-rich-text__text\" \/>Somos o parceiro ideal da sua empresa.<\/span><\/span><\/p><p class=\"font_8 wixui-rich-text__text\"><span class=\"wixui-rich-text__text\"><span class=\"color_30 wixui-rich-text__text\">Realizamos os servi\u00e7os de estafeta e qualquer tipo de transporte, evitando-lhe encargos adicionais com pessoal e viaturas.<\/span><\/span><\/p><p class=\"font_7 wixui-rich-text__text\"><span class=\"wixui-rich-text__text\"><span class=\"color_30 wixui-rich-text__text\">Temos como objetivo prestar um servi\u00e7o de qualidade com total rapidez, pontualidade, assente na experi\u00eancia, profissionalismo e responsabilidade dos seus colaboradores.<\/span><\/span><\/p><p class=\"font_7 wixui-rich-text__text\"><span class=\"wixui-rich-text__text\"><span class=\"color_30 wixui-rich-text__text\">Procuramos a plena satisfa\u00e7\u00e3o dos clientes.<\/span><\/span><\/p><p class=\"font_7 wixui-rich-text__text\"><span class=\"wixui-rich-text__text\"><span class=\"color_30 wixui-rich-text__text\">A <strong>Be Rapid<\/strong> disp\u00f5e de uma oferta variada de servi\u00e7os, ve\u00edculos e flexibilidade de hor\u00e1rios a pre\u00e7os competitivos, funcionando 24 horas por dia, 7 dias por semana.<\/span><\/span><\/p>\t\t\t\t\t\t<\/div>\n\t\t\t\t<\/div>\n\t\t\t\t<\/div>\n\t\t<div class=\"elementor-element elementor-element-90ae1be e-con-full e-flex e-con e-child\" data-id=\"90ae1be\" data-element_type=\"container\">\n\t\t\t\t<div class=\"elementor-element elementor-element-20b9a9e elementor-widget elementor-widget-image\" data-id=\"20b9a9e\" data-element_type=\"widget\" data-widget_type=\"image.default\">\n\t\t\t\t<div class=\"elementor-widget-container\">\n\t\t\t\t\t\t\t\t\t\t\t\t\t<img fetchpriority=\"high\" decoding=\"async\" width=\"579\" height=\"425\" src=\"https:\/\/www.berapid.pt\/wp65\/wp-content\/uploads\/2024\/09\/berapid4.webp\" class=\"attachment-large size-large wp-image-24\" alt=\"\" srcset=\"https:\/\/www.berapid.pt\/wp65\/wp-content\/uploads\/2024\/09\/berapid4.webp 579w, https:\/\/www.berapid.pt\/wp65\/wp-content\/uploads\/2024\/09\/berapid4-300x220.webp 300w\" sizes=\"(max-width: 579px) 100vw, 579px\" \/>\t\t\t\t\t\t\t\t\t\t\t\t\t<\/div>\n\t\t\t\t<\/div>\n\t\t\t\t<\/div>\n\t\t\t\t\t<\/div>\n\t\t\t\t<\/div>\n\t\t<div class=\"elementor-element elementor-element-b4a13a3 e-flex e-con-boxed e-con e-parent\" data-id=\"b4a13a3\" data-element_type=\"container\">\n\t\t\t\t\t<div class=\"e-con-inner\">\n\t\t\t\t<div class=\"elementor-element elementor-element-9a9f50d elementor-widget elementor-widget-text-editor\" data-id=\"9a9f50d\" data-element_type=\"widget\" data-widget_type=\"text-editor.default\">\n\t\t\t\t<div class=\"elementor-widget-container\">\n\t\t\t\t\t\t\t<p class=\"font_7 wixui-rich-text__text\"><span class=\"wixui-rich-text__text\"><span class=\"color_30 wixui-rich-text__text\">Realizamos mudan\u00e7as, tanto a n\u00edvel empresarial, como particular.<\/span><\/span><\/p><p class=\"font_7 wixui-rich-text__text\"><span class=\"wixui-rich-text__text\"><span class=\"color_30 wixui-rich-text__text\">Asseguramos o servi\u00e7o externo da sua empresa atrav\u00e9s da realiza\u00e7\u00e3o de servi\u00e7os tais como: despacho de correio, desloca\u00e7\u00f5es a entidades oficiais, pagamentos\/recebimentos diversos, dep\u00f3sitos banc\u00e1rios, entre outros, de acordo com as necessidades espec\u00edficas de cada cliente, por um valor fixo mensal.<\/span><\/span><\/p><p class=\"font_7 wixui-rich-text__text\"><span class=\"wixui-rich-text__text\"><span class=\"color_30 wixui-rich-text__text\">Porque cada cliente exige um servi\u00e7o diferente, estamos dispon\u00edveis para desenvolver propostas de presta\u00e7\u00e3o de servi\u00e7os \u00e0 medida da sua empresa.<\/span><\/span><\/p><p class=\"font_7 wixui-rich-text__text\"><span class=\"wixui-rich-text__text\"><span class=\"color_30 wixui-rich-text__text\">Praticamos pre\u00e7os especiais tendo em conta o volume de servi\u00e7os requisitados.<\/span><\/span><\/p><p class=\"font_7 wixui-rich-text__text\"><span class=\"wixui-rich-text__text\"><span class=\"color_30 wixui-rich-text__text\">N\u00e3o hesite,<\/span><\/span><\/p><p class=\"font_8 wixui-rich-text__text\"><span class=\"wixui-rich-text__text\"><span class=\"color_30 wixui-rich-text__text\">Contacte-nos!<\/span><\/span><\/p><p class=\"font_8 wixui-rich-text__text\"><strong><span class=\"wixui-rich-text__text\"><span class=\"wixGuard wixui-rich-text__text\">\u200b<\/span><\/span><span class=\"wixui-rich-text__text\"><span class=\"color_30 wixui-rich-text__text\">Be Rapid!<\/span><\/span><\/strong><\/p>\t\t\t\t\t\t<\/div>\n\t\t\t\t<\/div>\n\t\t\t\t\t<\/div>\n\t\t\t\t<\/div>\n\t\t\t\t<\/div>\n\t\t","protected":false},"excerpt":{"rendered":"<p>A Be Rapid existe no mercado nacional desde 2004. Somos o parceiro ideal da sua empresa. Realizamos os servi\u00e7os de estafeta e qualquer tipo de transporte, evitando-lhe encargos adicionais com pessoal e viaturas. Temos como objetivo prestar um servi\u00e7o de<\/p>\n","protected":false},"author":1,"featured_media":0,"parent":0,"menu_order":0,"comment_status":"closed","ping_status":"closed","template":"","meta":{"footnotes":""},"class_list":["post-38","page","type-page","status-publish","hentry"],"_links":{"self":[{"href":"https:\/\/www.berapid.pt\/wp65\/wp-json\/wp\/v2\/pages\/38"}],"collection":[{"href":"https:\/\/www.berapid.pt\/wp65\/wp-json\/wp\/v2\/pages"}],"about":[{"href":"https:\/\/www.berapid.pt\/wp65\/wp-json\/wp\/v2\/types\/page"}],"author":[{"embeddable":true,"href":"https:\/\/www.berapid.pt\/wp65\/wp-json\/wp\/v2\/users\/1"}],"replies":[{"embeddable":true,"href":"https:\/\/www.berapid.pt\/wp65\/wp-json\/wp\/v2\/comments?post=38"}],"version-history":[{"count":6,"href":"https:\/\/www.berapid.pt\/wp65\/wp-json\/wp\/v2\/pages\/38\/revisions"}],"predecessor-version":[{"id":45,"href":"https:\/\/www.berapid.pt\/wp65\/wp-json\/wp\/v2\/pages\/38\/revisions\/45"}],"wp:attachment":[{"href":"https:\/\/www.berapid.pt\/wp65\/wp-json\/wp\/v2\/media?parent=38"}],"curies":[{"name":"wp","href":"https:\/\/api.w.org\/{rel}","templated":true}]}}